{"id":1032,"date":"2022-05-20T22:32:25","date_gmt":"2022-05-20T22:32:25","guid":{"rendered":"https:\/\/aspmq.ca\/produit\/assemblee-generale-des-membres-2019-et-cocktail-dinatoire\/"},"modified":"2022-05-24T12:27:56","modified_gmt":"2022-05-24T12:27:56","slug":"assemblee-generale-des-membres-2019-et-cocktail-dinatoire","status":"publish","type":"product","link":"https:\/\/aspmq.ca\/en\/produit\/assemblee-generale-des-membres-2019-et-cocktail-dinatoire\/","title":{"rendered":"General assembly des membres 2019 et cocktail d\u00eenatoire"},"content":{"rendered":"<p>[et_pb_section fb_built=&#8221;1&#8243; _builder_version=&#8221;4.16&#8243; custom_padding=&#8221;0px||||false|false&#8221; global_colors_info=&#8221;{}&#8221;][et_pb_row _builder_version=&#8221;4.17.0&#8243; _module_preset=&#8221;default&#8221; global_colors_info=&#8221;{}&#8221;][et_pb_column type=&#8221;4_4&#8243; _builder_version=&#8221;4.17.0&#8243; _module_preset=&#8221;default&#8221; global_colors_info=&#8221;{}&#8221;][et_pb_text _builder_version=&#8221;4.17.0&#8243; _module_preset=&#8221;default&#8221; global_colors_info=&#8221;{}&#8221;]<\/p>\n<h2><strong>Invitation |\u00a0Jeudi 20 juin 2019<\/strong><\/h2>\n<h3><strong>Assembl\u00e9e g\u00e9n\u00e9rale des membres et cocktail d\u00eenatoire<\/strong><\/h3>\n<p>&nbsp;<\/p>\n<p><strong>LIEU H\u00f4tel Mortagne<\/strong><\/p>\n<p>1228 Rue Nobel<br \/>Boucherville, QC J4B 5H1<\/p>\n<p>Afin de souligner le 50<sup>e<\/sup>\u00a0anniversaire, c\u2019est avec grand plaisir que l\u2019Association des sp\u00e9cialistes de pneu et m\u00e9canique du Qu\u00e9bec vous invite \u00e0 son activit\u00e9 annuelle, qui se tiendra\u00a0<strong>le 20 juin prochain, \u00e0 compter de 16 h 00.<\/strong><\/p>\n<p>L\u2019ASPMQ profite de cette soir\u00e9e sp\u00e9ciale afin de souligner 50 ans de succ\u00e8s et de collaboration. C\u2019est gr\u00e2ce au soutien et \u00e0 la fid\u00e9lit\u00e9 de ses nombreux membres et partenaires que l\u2019ASPMQ en arrive \u00e0 souligner un anniversaire aussi symbolique.<\/p>\n<p>Cette soir\u00e9e, offerte gratuitement \u00e0 tous les membres et partenaires de l\u2019association, sera l\u2019occasion unique d\u2019\u00e9changer et de r\u00e9seauter entre professionnels de l\u2019industrie.<\/p>\n<p>Inscrivez-vous nombreux, et partagez l\u2019invitation dans votre r\u00e9seau !<\/p>\n<p>&nbsp;<\/p>\n<h2>Horaire<\/h2>\n<p><strong>16 h 00 : Accueil des invit\u00e9s<\/strong><\/p>\n<p><strong>16 h 30 : Assembl\u00e9e g\u00e9n\u00e9rale annuelle<\/strong><\/p>\n<p><strong>17 h 30 : Soir\u00e9e r\u00e9seautage et cocktail d\u00eenatoire<\/strong><\/p>\n<p><strong>19 h 30 : Fin de l\u2019activit<\/strong><\/p>\n<p>[\/et_pb_text][\/et_pb_column][\/et_pb_row][\/et_pb_section]<\/p>\n","protected":false},"excerpt":{"rendered":"<p>Afin de souligner le 50<sup>e<\/sup>\u00a0anniversaire, c\u2019est avec grand plaisir que l\u2019Association des sp\u00e9cialistes de pneu et m\u00e9canique du Qu\u00e9bec vous invite \u00e0 son activit\u00e9 annuelle, qui se tiendra\u00a0<strong>le 20 juin prochain, \u00e0 compter de 16 h 00.<\/strong><\/p>\n","protected":false},"featured_media":0,"template":"","meta":{"_acf_changed":false,"_et_pb_use_builder":"on","_et_pb_old_content":"","_et_gb_content_width":""},"product_brand":[],"product_cat":[32,41],"product_tag":[],"class_list":{"0":"post-1032","1":"product","2":"type-product","3":"status-publish","5":"product_cat-evenements","6":"product_cat-events","8":"first","9":"outofstock","10":"taxable","11":"shipping-taxable","12":"product-type-simple"},"acf":[],"_links":{"self":[{"href":"https:\/\/aspmq.ca\/en\/wp-json\/wp\/v2\/product\/1032","targetHints":{"allow":["GET"]}}],"collection":[{"href":"https:\/\/aspmq.ca\/en\/wp-json\/wp\/v2\/product"}],"about":[{"href":"https:\/\/aspmq.ca\/en\/wp-json\/wp\/v2\/types\/product"}],"wp:attachment":[{"href":"https:\/\/aspmq.ca\/en\/wp-json\/wp\/v2\/media?parent=1032"}],"wp:term":[{"taxonomy":"product_brand","embeddable":true,"href":"https:\/\/aspmq.ca\/en\/wp-json\/wp\/v2\/product_brand?post=1032"},{"taxonomy":"product_cat","embeddable":true,"href":"https:\/\/aspmq.ca\/en\/wp-json\/wp\/v2\/product_cat?post=1032"},{"taxonomy":"product_tag","embeddable":true,"href":"https:\/\/aspmq.ca\/en\/wp-json\/wp\/v2\/product_tag?post=1032"}],"curies":[{"name":"wp","href":"https:\/\/api.w.org\/{rel}","templated":true}]}}