{"id":693,"date":"2022-04-19T13:12:50","date_gmt":"2022-04-19T13:12:50","guid":{"rendered":"https:\/\/aspmq.ca\/produit\/evenements-passes\/"},"modified":"2022-04-27T14:33:49","modified_gmt":"2022-04-27T14:33:49","slug":"evenements-passes","status":"publish","type":"product","link":"https:\/\/aspmq.ca\/en\/produit\/evenements-passes\/","title":{"rendered":"Past event"},"content":{"rendered":"","protected":false},"excerpt":{"rendered":"<p>Rappel aux automobilistes \u00c0 compter du 1er d\u00e9cembre 2019, les pneus d\u2019hiver devront obligatoirement \u00eatre install\u00e9s sur un v\u00e9hicule routier motoris\u00e9 immatricul\u00e9 au Qu\u00e9bec, autre qu\u2019un v\u00e9hicule lourd, un v\u00e9hicule-outil ou une machine agricole.<\/p>\n","protected":false},"featured_media":296,"template":"","meta":{"_acf_changed":false,"_et_pb_use_builder":"on","_et_pb_old_content":"","_et_gb_content_width":""},"product_brand":[],"product_cat":[32,41],"product_tag":[],"class_list":{"0":"post-693","1":"product","2":"type-product","3":"status-publish","4":"has-post-thumbnail","6":"product_cat-evenements","7":"product_cat-events","9":"first","10":"outofstock","11":"taxable","12":"shipping-taxable","13":"product-type-simple"},"acf":[],"_links":{"self":[{"href":"https:\/\/aspmq.ca\/en\/wp-json\/wp\/v2\/product\/693","targetHints":{"allow":["GET"]}}],"collection":[{"href":"https:\/\/aspmq.ca\/en\/wp-json\/wp\/v2\/product"}],"about":[{"href":"https:\/\/aspmq.ca\/en\/wp-json\/wp\/v2\/types\/product"}],"wp:featuredmedia":[{"embeddable":true,"href":"https:\/\/aspmq.ca\/en\/wp-json\/wp\/v2\/media\/296"}],"wp:attachment":[{"href":"https:\/\/aspmq.ca\/en\/wp-json\/wp\/v2\/media?parent=693"}],"wp:term":[{"taxonomy":"product_brand","embeddable":true,"href":"https:\/\/aspmq.ca\/en\/wp-json\/wp\/v2\/product_brand?post=693"},{"taxonomy":"product_cat","embeddable":true,"href":"https:\/\/aspmq.ca\/en\/wp-json\/wp\/v2\/product_cat?post=693"},{"taxonomy":"product_tag","embeddable":true,"href":"https:\/\/aspmq.ca\/en\/wp-json\/wp\/v2\/product_tag?post=693"}],"curies":[{"name":"wp","href":"https:\/\/api.w.org\/{rel}","templated":true}]}}