{"id":695,"date":"2022-04-19T13:13:37","date_gmt":"2022-04-19T13:13:37","guid":{"rendered":"https:\/\/aspmq.ca\/produit\/evenements-passes-copie-copie\/"},"modified":"2026-01-19T18:35:36","modified_gmt":"2026-01-19T18:35:36","slug":"evenements-passes-copie-copie","status":"publish","type":"product","link":"https:\/\/aspmq.ca\/en\/produit\/evenements-passes-copie-copie\/","title":{"rendered":"\u00c9v\u00e9nements pass\u00e9s (Copie) (Copie)"},"content":{"rendered":"","protected":false},"excerpt":{"rendered":"<p><strong data-start=\"102\" data-end=\"127\">Reminder to Motorists<\/strong><br data-start=\"127\" data-end=\"130\" \/>As of <strong data-start=\"136\" data-end=\"156\" data-is-only-node=\"\">December 1, 2019<\/strong>, winter tires must be installed on all <strong data-start=\"196\" data-end=\"235\">motor vehicles registered in Qu\u00e9bec<\/strong>, except for <strong data-start=\"248\" data-end=\"307\">heavy vehicles, tool vehicles and agricultural machines<\/strong>.<\/p>\n","protected":false},"featured_media":296,"template":"","meta":{"_acf_changed":false,"_et_pb_use_builder":"","_et_pb_old_content":"","_et_gb_content_width":""},"product_brand":[],"product_cat":[41],"product_tag":[],"class_list":{"0":"post-695","1":"product","2":"type-product","3":"status-publish","4":"has-post-thumbnail","6":"product_cat-events","8":"first","9":"instock","10":"taxable","11":"shipping-taxable","12":"product-type-simple"},"acf":[],"_links":{"self":[{"href":"https:\/\/aspmq.ca\/en\/wp-json\/wp\/v2\/product\/695","targetHints":{"allow":["GET"]}}],"collection":[{"href":"https:\/\/aspmq.ca\/en\/wp-json\/wp\/v2\/product"}],"about":[{"href":"https:\/\/aspmq.ca\/en\/wp-json\/wp\/v2\/types\/product"}],"wp:featuredmedia":[{"embeddable":true,"href":"https:\/\/aspmq.ca\/en\/wp-json\/wp\/v2\/media\/296"}],"wp:attachment":[{"href":"https:\/\/aspmq.ca\/en\/wp-json\/wp\/v2\/media?parent=695"}],"wp:term":[{"taxonomy":"product_brand","embeddable":true,"href":"https:\/\/aspmq.ca\/en\/wp-json\/wp\/v2\/product_brand?post=695"},{"taxonomy":"product_cat","embeddable":true,"href":"https:\/\/aspmq.ca\/en\/wp-json\/wp\/v2\/product_cat?post=695"},{"taxonomy":"product_tag","embeddable":true,"href":"https:\/\/aspmq.ca\/en\/wp-json\/wp\/v2\/product_tag?post=695"}],"curies":[{"name":"wp","href":"https:\/\/api.w.org\/{rel}","templated":true}]}}